{"id":2252,"date":"2019-11-06T19:57:57","date_gmt":"2019-11-06T21:57:57","guid":{"rendered":"http:\/\/press.live4jesus.com.br\/?page_id=2252"},"modified":"2019-11-12T14:28:16","modified_gmt":"2019-11-12T16:28:16","slug":"nossa-equipe","status":"publish","type":"page","link":"https:\/\/press.live4jesus.com.br\/?page_id=2252","title":{"rendered":"Nossa Equipe"},"content":{"rendered":"\n<div class=\"wp-block-image\"><figure class=\"aligncenter is-resized\"><img loading=\"lazy\" decoding=\"async\" src=\"http:\/\/press.live4jesus.com.br\/wp-content\/uploads\/2019\/11\/bannervoluntarios-1024x317.jpg\" alt=\"\" class=\"wp-image-2255\" width=\"589\" height=\"182\" srcset=\"https:\/\/press.live4jesus.com.br\/wp-content\/uploads\/2019\/11\/bannervoluntarios-1024x317.jpg 1024w, https:\/\/press.live4jesus.com.br\/wp-content\/uploads\/2019\/11\/bannervoluntarios-300x93.jpg 300w, https:\/\/press.live4jesus.com.br\/wp-content\/uploads\/2019\/11\/bannervoluntarios-768x238.jpg 768w, https:\/\/press.live4jesus.com.br\/wp-content\/uploads\/2019\/11\/bannervoluntarios.jpg 1940w\" sizes=\"auto, (max-width: 589px) 100vw, 589px\" \/><\/figure><\/div>\n\n\n\n<p>Conhe\u00e7a nossos colaboradores:<\/p>\n\n\n\n<table class=\"wp-block-table alignwide\"><tbody><tr><td><br><img loading=\"lazy\" decoding=\"async\" width=\"150\" height=\"137\" class=\"wp-image-2284\" style=\"width: 150px;\" src=\"http:\/\/press.live4jesus.com.br\/wp-content\/uploads\/2019\/11\/jonas.png\" alt=\"\" srcset=\"https:\/\/press.live4jesus.com.br\/wp-content\/uploads\/2019\/11\/jonas.png 843w, https:\/\/press.live4jesus.com.br\/wp-content\/uploads\/2019\/11\/jonas-300x274.png 300w, https:\/\/press.live4jesus.com.br\/wp-content\/uploads\/2019\/11\/jonas-768x701.png 768w\" sizes=\"auto, (max-width: 150px) 100vw, 150px\" \/><br><a href=\"https:\/\/web.facebook.com\/jonasdesouzanetto\">Jonas Souza<\/a><br><\/td><td><img loading=\"lazy\" decoding=\"async\" width=\"150\" height=\"152\" class=\"wp-image-2285\" style=\"width: 150px;\" src=\"http:\/\/press.live4jesus.com.br\/wp-content\/uploads\/2019\/11\/keila.png\" alt=\"\" srcset=\"https:\/\/press.live4jesus.com.br\/wp-content\/uploads\/2019\/11\/keila.png 711w, https:\/\/press.live4jesus.com.br\/wp-content\/uploads\/2019\/11\/keila-297x300.png 297w\" sizes=\"auto, (max-width: 150px) 100vw, 150px\" \/><br><a href=\"https:\/\/web.facebook.com\/keila.vania\">Dra. Keila V\u00e2nia<\/a><\/td><td><img loading=\"lazy\" decoding=\"async\" width=\"150\" height=\"150\" class=\"wp-image-2286\" style=\"width: 150px;\" src=\"http:\/\/press.live4jesus.com.br\/wp-content\/uploads\/2019\/11\/estevam.png\" alt=\"\" srcset=\"https:\/\/press.live4jesus.com.br\/wp-content\/uploads\/2019\/11\/estevam.png 640w, https:\/\/press.live4jesus.com.br\/wp-content\/uploads\/2019\/11\/estevam-150x150.png 150w, https:\/\/press.live4jesus.com.br\/wp-content\/uploads\/2019\/11\/estevam-300x300.png 300w\" sizes=\"auto, (max-width: 150px) 100vw, 150px\" \/><br><a href=\"https:\/\/web.facebook.com\/estevan.stracke\">Estevan Stracke<\/a><\/td><td><img loading=\"lazy\" decoding=\"async\" width=\"150\" height=\"153\" class=\"wp-image-2287\" style=\"width: 150px;\" src=\"http:\/\/press.live4jesus.com.br\/wp-content\/uploads\/2019\/11\/everton.png\" alt=\"\" srcset=\"https:\/\/press.live4jesus.com.br\/wp-content\/uploads\/2019\/11\/everton.png 727w, https:\/\/press.live4jesus.com.br\/wp-content\/uploads\/2019\/11\/everton-294x300.png 294w\" sizes=\"auto, (max-width: 150px) 100vw, 150px\" \/><br><a href=\"https:\/\/web.facebook.com\/everton.rafael.7549\">Everton Rafael<\/a><\/td><\/tr><tr><td><img loading=\"lazy\" decoding=\"async\" width=\"150\" height=\"150\" class=\"wp-image-2288\" style=\"width: 150px;\" src=\"http:\/\/press.live4jesus.com.br\/wp-content\/uploads\/2019\/11\/gabriel.png\" alt=\"\" srcset=\"https:\/\/press.live4jesus.com.br\/wp-content\/uploads\/2019\/11\/gabriel.png 960w, https:\/\/press.live4jesus.com.br\/wp-content\/uploads\/2019\/11\/gabriel-150x150.png 150w, https:\/\/press.live4jesus.com.br\/wp-content\/uploads\/2019\/11\/gabriel-300x300.png 300w, https:\/\/press.live4jesus.com.br\/wp-content\/uploads\/2019\/11\/gabriel-768x768.png 768w\" sizes=\"auto, (max-width: 150px) 100vw, 150px\" \/><br><a href=\"https:\/\/web.facebook.com\/GabrielLimaRibeiro\">Gabriel Ribeiro<\/a><\/td><td><img loading=\"lazy\" decoding=\"async\" width=\"150\" height=\"140\" class=\"wp-image-2291\" style=\"width: 150px;\" src=\"http:\/\/press.live4jesus.com.br\/wp-content\/uploads\/2019\/11\/Paulo1.png\" alt=\"\" srcset=\"https:\/\/press.live4jesus.com.br\/wp-content\/uploads\/2019\/11\/Paulo1.png 1064w, https:\/\/press.live4jesus.com.br\/wp-content\/uploads\/2019\/11\/Paulo1-300x281.png 300w, https:\/\/press.live4jesus.com.br\/wp-content\/uploads\/2019\/11\/Paulo1-768x718.png 768w, https:\/\/press.live4jesus.com.br\/wp-content\/uploads\/2019\/11\/Paulo1-1024x958.png 1024w\" sizes=\"auto, (max-width: 150px) 100vw, 150px\" \/><br><a href=\"https:\/\/web.facebook.com\/prpaulomatoscruz\/\">Pr. Paulo Matos<\/a><\/td><td><\/td><td><img loading=\"lazy\" decoding=\"async\" width=\"150\" height=\"150\" class=\"wp-image-2289\" style=\"width: 150px;\" src=\"http:\/\/press.live4jesus.com.br\/wp-content\/uploads\/2019\/11\/facebook-user-icon-17.png\" alt=\"\" srcset=\"https:\/\/press.live4jesus.com.br\/wp-content\/uploads\/2019\/11\/facebook-user-icon-17.png 640w, https:\/\/press.live4jesus.com.br\/wp-content\/uploads\/2019\/11\/facebook-user-icon-17-150x150.png 150w, https:\/\/press.live4jesus.com.br\/wp-content\/uploads\/2019\/11\/facebook-user-icon-17-300x300.png 300w\" sizes=\"auto, (max-width: 150px) 100vw, 150px\" \/><br>Voc\u00ea<\/td><\/tr><\/tbody><\/table>\n\n\n","protected":false},"excerpt":{"rendered":"<p>Conhe\u00e7a nossos colaboradores: Jonas Souza Dra. Keila V\u00e2nia Estevan Stracke Everton Rafael Gabriel Ribeiro Pr. Paulo Matos Voc\u00ea<\/p>\n","protected":false},"author":1,"featured_media":0,"parent":0,"menu_order":0,"comment_status":"closed","ping_status":"closed","template":"","meta":{"footnotes":""},"class_list":["post-2252","page","type-page","status-publish","hentry"],"_links":{"self":[{"href":"https:\/\/press.live4jesus.com.br\/index.php?rest_route=\/wp\/v2\/pages\/2252","targetHints":{"allow":["GET"]}}],"collection":[{"href":"https:\/\/press.live4jesus.com.br\/index.php?rest_route=\/wp\/v2\/pages"}],"about":[{"href":"https:\/\/press.live4jesus.com.br\/index.php?rest_route=\/wp\/v2\/types\/page"}],"author":[{"embeddable":true,"href":"https:\/\/press.live4jesus.com.br\/index.php?rest_route=\/wp\/v2\/users\/1"}],"replies":[{"embeddable":true,"href":"https:\/\/press.live4jesus.com.br\/index.php?rest_route=%2Fwp%2Fv2%2Fcomments&post=2252"}],"version-history":[{"count":4,"href":"https:\/\/press.live4jesus.com.br\/index.php?rest_route=\/wp\/v2\/pages\/2252\/revisions"}],"predecessor-version":[{"id":2292,"href":"https:\/\/press.live4jesus.com.br\/index.php?rest_route=\/wp\/v2\/pages\/2252\/revisions\/2292"}],"wp:attachment":[{"href":"https:\/\/press.live4jesus.com.br\/index.php?rest_route=%2Fwp%2Fv2%2Fmedia&parent=2252"}],"curies":[{"name":"wp","href":"https:\/\/api.w.org\/{rel}","templated":true}]}}