{"id":2168,"date":"2019-11-06T18:08:56","date_gmt":"2019-11-06T20:08:56","guid":{"rendered":"http:\/\/press.live4jesus.com.br\/?page_id=2168"},"modified":"2019-11-06T18:08:57","modified_gmt":"2019-11-06T20:08:57","slug":"nossa-visao","status":"publish","type":"page","link":"https:\/\/press.live4jesus.com.br\/?page_id=2168","title":{"rendered":"Nossa Vis\u00e3o"},"content":{"rendered":"\n<p>A nossa vis\u00e3o foi elaborada em h\u00e1 cerca de 5 anos:<br>\n<strong><em>\u201cTornar o Minist\u00e9rio S\u00f3 Boas Novas \u2013 SBN relevante e \nconhecido por seus disc\u00edpulos criativos e com uma surpreendente energia \npara enfrentar desafios \u2013 de seguir e influenciar seus amigos para \nseguir o Mestre Jesus.\u201d<\/em><\/strong><\/p>\n\n\n\n<p>E h\u00e1 2 anos criamos uma vers\u00e3o simplificada: <strong><em>APAIXONADOS PELO NOVO!<\/em><\/strong><\/p>\n\n\n\n<figure class=\"wp-block-image\"><img decoding=\"async\" src=\"http:\/\/blog.soboasnovas.com.br\/wp-content\/uploads\/banner-sbn-copy-2.jpg\" alt=\"\" class=\"wp-image-5993\"\/><\/figure>\n\n\n\n<p>Nos baseamos na Palavra que diz em Ef\u00e9sios 2:10: <strong><em>\u201cPorque \nsomos cria\u00e7\u00e3o de Deus realizada em Cristo Jesus para fazermos boas \nobras, as quais Deus preparou de antem\u00e3o para que n\u00f3s as pratic\u00e1ssemos.\u201d<\/em><\/strong><\/p>\n\n\n\n<p>E segundo Ef\u00e9sios 1:11-12 e Romanos 11:36, <strong><em>somos criados por Deus e para Deus, e para o louvor da sua Gl\u00f3ria<\/em><\/strong>.<\/p>\n\n\n\n<figure class=\"wp-block-image\"><img decoding=\"async\" src=\"http:\/\/blog.soboasnovas.com.br\/wp-content\/uploads\/visao.png\" alt=\"\" class=\"wp-image-6100\"\/><\/figure>\n\n\n\n<p>Entendemos que Deus nos criou \u00e0 sua imagem (G\u00eanesis 1:26-27), com uma\n Identidade (Salmos 139:14-17), para uma Geografia (G\u00eanesis 12) e com um\n Plano (Romanos 8:28).<\/p>\n\n\n\n<p>O Plano (ou o prop\u00f3sito) que Deus tem para n\u00f3s \u00e9 que nos levar\u00e1 \u00e0 morada que Jesus nos prometeu \u2013 a Eternidade.<\/p>\n\n\n\n<p>O Minist\u00e9rio S\u00f3 Boas Novas existe para este desafio: Desenvolver uma \nf\u00e9 capaz de enxergar o plano\/prop\u00f3sito de nossa vida e ter a coragem \npara andar nele.<\/p>\n\n\n\n<p>Portanto, nossa miss\u00e3o \u00e9 prover processos que nos levem ao \ncrescimento atrav\u00e9s do plano \u2013 \u00e0 salva\u00e7\u00e3o. Isto ser\u00e1 uma constru\u00e7\u00e3o de \ndentro para fora \u2013 o nosso cora\u00e7\u00e3o ser\u00e1 a terra onde o Esp\u00edrito de Deus \nfar\u00e1 as mudan\u00e7as necess\u00e1rias.<\/p>\n\n\n\n<p>Resumindo: todas as a\u00e7\u00f5es da SBN s\u00e3o um evangelismo intencional para \nnos mover de TEKNON (Jo\u00e3o 1:12) para HUIOS (Romanos 8:14) \u2013 Filhos de \nDeus maduros.<\/p>\n","protected":false},"excerpt":{"rendered":"<p>A nossa vis\u00e3o foi elaborada em h\u00e1 cerca de 5 anos: \u201cTornar o Minist\u00e9rio S\u00f3 Boas Novas \u2013 SBN relevante e conhecido por seus disc\u00edpulos criativos e com uma surpreendente energia para enfrentar desafios \u2013 de seguir e influenciar seus amigos para seguir o Mestre Jesus.\u201d E h\u00e1 2 anos criamos uma vers\u00e3o simplificada: APAIXONADOS [&hellip;]<\/p>\n","protected":false},"author":1,"featured_media":0,"parent":0,"menu_order":0,"comment_status":"closed","ping_status":"closed","template":"","meta":{"footnotes":""},"class_list":["post-2168","page","type-page","status-publish","hentry"],"_links":{"self":[{"href":"https:\/\/press.live4jesus.com.br\/index.php?rest_route=\/wp\/v2\/pages\/2168","targetHints":{"allow":["GET"]}}],"collection":[{"href":"https:\/\/press.live4jesus.com.br\/index.php?rest_route=\/wp\/v2\/pages"}],"about":[{"href":"https:\/\/press.live4jesus.com.br\/index.php?rest_route=\/wp\/v2\/types\/page"}],"author":[{"embeddable":true,"href":"https:\/\/press.live4jesus.com.br\/index.php?rest_route=\/wp\/v2\/users\/1"}],"replies":[{"embeddable":true,"href":"https:\/\/press.live4jesus.com.br\/index.php?rest_route=%2Fwp%2Fv2%2Fcomments&post=2168"}],"version-history":[{"count":1,"href":"https:\/\/press.live4jesus.com.br\/index.php?rest_route=\/wp\/v2\/pages\/2168\/revisions"}],"predecessor-version":[{"id":2169,"href":"https:\/\/press.live4jesus.com.br\/index.php?rest_route=\/wp\/v2\/pages\/2168\/revisions\/2169"}],"wp:attachment":[{"href":"https:\/\/press.live4jesus.com.br\/index.php?rest_route=%2Fwp%2Fv2%2Fmedia&parent=2168"}],"curies":[{"name":"wp","href":"https:\/\/api.w.org\/{rel}","templated":true}]}}