{"id":2133,"date":"2019-11-06T15:59:22","date_gmt":"2019-11-06T17:59:22","guid":{"rendered":"http:\/\/press.live4jesus.com.br\/?page_id=2133"},"modified":"2019-11-06T16:27:02","modified_gmt":"2019-11-06T18:27:02","slug":"parceiros","status":"publish","type":"page","link":"https:\/\/press.live4jesus.com.br\/?page_id=2133","title":{"rendered":"Parceiros"},"content":{"rendered":"\n<div class=\"wp-block-image\"><figure class=\"aligncenter is-resized\"><img loading=\"lazy\" decoding=\"async\" src=\"http:\/\/press.live4jesus.com.br\/wp-content\/uploads\/2019\/11\/commercial-1024x377.jpg\" alt=\"\" class=\"wp-image-2151\" width=\"352\" height=\"129\" srcset=\"https:\/\/press.live4jesus.com.br\/wp-content\/uploads\/2019\/11\/commercial-1024x377.jpg 1024w, https:\/\/press.live4jesus.com.br\/wp-content\/uploads\/2019\/11\/commercial-300x110.jpg 300w, https:\/\/press.live4jesus.com.br\/wp-content\/uploads\/2019\/11\/commercial-768x283.jpg 768w, https:\/\/press.live4jesus.com.br\/wp-content\/uploads\/2019\/11\/commercial.jpg 1852w\" sizes=\"auto, (max-width: 352px) 100vw, 352px\" \/><\/figure><\/div>\n\n\n<p><em><strong>Nosso minist\u00e9rio tem v\u00e1rios projetos parceiros, conhe\u00e7a mais sobre eles:<\/strong><\/em><\/p>\n<p><a href=\"https:\/\/web.facebook.com\/underground.espaco\/\" target=\"_blank\" rel=\"noopener noreferrer\">Underground<\/a><br \/><img loading=\"lazy\" decoding=\"async\" class=\"alignnone  wp-image-2148\" src=\"http:\/\/press.live4jesus.com.br\/wp-content\/uploads\/2019\/11\/28661011_176459599743258_2398389359003536882_n-300x300.jpg\" alt=\"\" width=\"207\" height=\"207\" srcset=\"https:\/\/press.live4jesus.com.br\/wp-content\/uploads\/2019\/11\/28661011_176459599743258_2398389359003536882_n-300x300.jpg 300w, https:\/\/press.live4jesus.com.br\/wp-content\/uploads\/2019\/11\/28661011_176459599743258_2398389359003536882_n-150x150.jpg 150w, https:\/\/press.live4jesus.com.br\/wp-content\/uploads\/2019\/11\/28661011_176459599743258_2398389359003536882_n-768x768.jpg 768w, https:\/\/press.live4jesus.com.br\/wp-content\/uploads\/2019\/11\/28661011_176459599743258_2398389359003536882_n.jpg 918w\" sizes=\"auto, (max-width: 207px) 100vw, 207px\" \/><\/p>\n<p><a href=\"https:\/\/web.facebook.com\/pentatons\/\" target=\"_blank\" rel=\"noopener noreferrer\">Pentatons<\/a><br \/><img loading=\"lazy\" decoding=\"async\" class=\"alignnone size-medium wp-image-2146\" src=\"http:\/\/press.live4jesus.com.br\/wp-content\/uploads\/2019\/11\/penta-300x146.jpg\" alt=\"\" width=\"300\" height=\"146\" srcset=\"https:\/\/press.live4jesus.com.br\/wp-content\/uploads\/2019\/11\/penta-300x146.jpg 300w, https:\/\/press.live4jesus.com.br\/wp-content\/uploads\/2019\/11\/penta-768x373.jpg 768w, https:\/\/press.live4jesus.com.br\/wp-content\/uploads\/2019\/11\/penta-1024x498.jpg 1024w, https:\/\/press.live4jesus.com.br\/wp-content\/uploads\/2019\/11\/penta.jpg 1280w\" sizes=\"auto, (max-width: 300px) 100vw, 300px\" \/><br \/>Grupo Musical.<\/p>\n<p><a href=\"https:\/\/web.facebook.com\/mkoynonia\/\" target=\"_blank\" rel=\"noopener noreferrer\">Koynonia<\/a><br \/><img loading=\"lazy\" decoding=\"async\" class=\"alignnone size-medium wp-image-2144\" src=\"http:\/\/press.live4jesus.com.br\/wp-content\/uploads\/2019\/11\/1073849_620286508006065_324875202_o-300x117.jpg\" alt=\"\" width=\"300\" height=\"117\" srcset=\"https:\/\/press.live4jesus.com.br\/wp-content\/uploads\/2019\/11\/1073849_620286508006065_324875202_o-300x117.jpg 300w, https:\/\/press.live4jesus.com.br\/wp-content\/uploads\/2019\/11\/1073849_620286508006065_324875202_o-768x299.jpg 768w, https:\/\/press.live4jesus.com.br\/wp-content\/uploads\/2019\/11\/1073849_620286508006065_324875202_o-1024x399.jpg 1024w\" sizes=\"auto, (max-width: 300px) 100vw, 300px\" \/><br \/>A Koynonia \u00e9 um Minist\u00e9rio Volunt\u00e1rio, liderado pelo Leandro Bastos, com o objetivo de reunir jovens de v\u00e1rias idades, classe social e credo, para encontros, normalmente as sextas-feiras, com mensagens especiais, m\u00fasicas, banda ao vivo, drama entre outras atividades em v\u00e1rias comunidades de jovens adventistas.<\/p>\n<p><a href=\"https:\/\/web.facebook.com\/seacostumecomigo\/?_rdc=1&amp;_rdr\" target=\"_blank\" rel=\"noopener noreferrer\">Incomunidade<\/a><br \/><img loading=\"lazy\" decoding=\"async\" class=\"alignnone size-medium wp-image-2142\" src=\"http:\/\/press.live4jesus.com.br\/wp-content\/uploads\/2019\/11\/incomunidade_p-300x169-300x169.jpg\" alt=\"\" width=\"300\" height=\"169\" srcset=\"https:\/\/press.live4jesus.com.br\/wp-content\/uploads\/2019\/11\/incomunidade_p-300x169.jpg 300w, https:\/\/press.live4jesus.com.br\/wp-content\/uploads\/2019\/11\/incomunidade_p-300x169-165x92.jpg 165w, https:\/\/press.live4jesus.com.br\/wp-content\/uploads\/2019\/11\/incomunidade_p-300x169-249x140.jpg 249w, https:\/\/press.live4jesus.com.br\/wp-content\/uploads\/2019\/11\/incomunidade_p-300x169-232x130.jpg 232w\" sizes=\"auto, (max-width: 300px) 100vw, 300px\" \/><br \/>Incomunidade \u00e9 um grupo de jovens incomuns que se re\u00fanem todos os s\u00e1bados de cada m\u00eas na <span class=\"LrzXr\">R. S\u00e3o Lu\u00eds, 11 &#8211; Parque Turiguara, Cotia &#8211; SP<\/span><\/p>\n<p><a href=\"https:\/\/pupilasembrasas.com.br\/\" target=\"_blank\" rel=\"noopener noreferrer\">Pupilas em Brasas<\/a><br \/><img loading=\"lazy\" decoding=\"async\" class=\"alignnone size-full wp-image-2141\" src=\"http:\/\/press.live4jesus.com.br\/wp-content\/uploads\/2019\/11\/pupilas_header.png\" alt=\"\" width=\"275\" height=\"60\" \/><br \/>Tendo em visto que filmes, series ente outros que fazem parte do nosso cotidiano, buscamos n\u00e3o ignorar esses assuntos, mas sim, tra\u00e7ar um paralelo com a mensagem de Deus. O pr\u00f3prio Jesus usava essa \u2018t\u00e1tica\u2019 (guardada as devidas propor\u00e7\u00f5es). Quando Jesus falava em par\u00e1bolas, as mesmas eram criadas por ele com assuntos contempor\u00e2neos para que o povo aprendesse mais f\u00e1cil. Mas n\u00e3o era s\u00f3 isso. Jesus usava esses assuntos para criar interesse, afinal de contas, nos interessamos mais por algo, quando desenvolvemos a empatia.<\/p>\n<p><a href=\"http:\/\/300degideao.com.br\" target=\"_blank\" rel=\"noopener noreferrer\">300 de Gide\u00e3o<\/a><br \/><img loading=\"lazy\" decoding=\"async\" class=\"alignnone size-medium wp-image-2139\" src=\"http:\/\/press.live4jesus.com.br\/wp-content\/uploads\/2019\/11\/banner-fb-300-1-300x107.jpg\" alt=\"\" width=\"300\" height=\"107\" srcset=\"https:\/\/press.live4jesus.com.br\/wp-content\/uploads\/2019\/11\/banner-fb-300-1-300x107.jpg 300w, https:\/\/press.live4jesus.com.br\/wp-content\/uploads\/2019\/11\/banner-fb-300-1-768x274.jpg 768w, https:\/\/press.live4jesus.com.br\/wp-content\/uploads\/2019\/11\/banner-fb-300-1-1024x366.jpg 1024w, https:\/\/press.live4jesus.com.br\/wp-content\/uploads\/2019\/11\/banner-fb-300-1.jpg 1400w\" sizes=\"auto, (max-width: 300px) 100vw, 300px\" \/><br \/>O Grupo Evangel\u00edstico Trezentos de Gide\u00e3o surgiu em 1991, como resposta a um sonho da Professora Iraci Castelo Cunha (falecida em 2004) de evangelizar o estado do Cear\u00e1. Ela sonhava levar a mensagem adventista do s\u00e9timo dia para este estado t\u00e3o carente do verdadeiro conhecimento da B\u00edblia. Hoje este projeto de evangelismo volunt\u00e1rio \u00e9 liderado pelo Irm\u00e3o Vagno Caetano e j\u00e1 construiu mais de 500 Igrejas Adventistas, distribu\u00eddas pelos estados do Cear\u00e1, Tocantins, Para\u00edba, Piau\u00ed e Pernambuco.<\/p>\n<p><a href=\"http:\/\/ciadavila.com.br\" target=\"_blank\" rel=\"noopener noreferrer\">Cia da Vila &#8211; A gente cuida<\/a><br \/><img loading=\"lazy\" decoding=\"async\" class=\"alignnone size-medium wp-image-2135\" src=\"http:\/\/press.live4jesus.com.br\/wp-content\/uploads\/2019\/11\/29064650_2052135538341657_3648441264951708709_o-300x115.jpg\" alt=\"\" width=\"300\" height=\"115\" srcset=\"https:\/\/press.live4jesus.com.br\/wp-content\/uploads\/2019\/11\/29064650_2052135538341657_3648441264951708709_o-300x115.jpg 300w, https:\/\/press.live4jesus.com.br\/wp-content\/uploads\/2019\/11\/29064650_2052135538341657_3648441264951708709_o-768x293.jpg 768w, https:\/\/press.live4jesus.com.br\/wp-content\/uploads\/2019\/11\/29064650_2052135538341657_3648441264951708709_o-1024x391.jpg 1024w\" sizes=\"auto, (max-width: 300px) 100vw, 300px\" \/><br \/>\u201cSomos um grupo que se reuniu para cuidar das pessoas, assim como o Criador cuida da gente.<br \/>Todos que desejarem se unir a n\u00f3s nessa iniciativa de ajudar \u00e0s pessoas, ser\u00e3o muito bem vindos!\u201d<\/p>\n\n\n<figure class=\"wp-block-image\"><img decoding=\"async\" src=\"blob:http:\/\/press.live4jesus.com.br\/73f87dbf-6149-d04e-bbf7-06fe2d2d6020\" alt=\"\"\/><\/figure>\n","protected":false},"excerpt":{"rendered":"<p>Nosso minist\u00e9rio tem v\u00e1rios projetos parceiros, conhe\u00e7a mais sobre eles: Underground PentatonsGrupo Musical. KoynoniaA Koynonia \u00e9 um Minist\u00e9rio Volunt\u00e1rio, liderado pelo Leandro Bastos, com o objetivo de reunir jovens de v\u00e1rias idades, classe social e credo, para encontros, normalmente as sextas-feiras, com mensagens especiais, m\u00fasicas, banda ao vivo, drama entre outras atividades em v\u00e1rias comunidades [&hellip;]<\/p>\n","protected":false},"author":1,"featured_media":0,"parent":0,"menu_order":0,"comment_status":"closed","ping_status":"closed","template":"","meta":{"footnotes":""},"class_list":["post-2133","page","type-page","status-publish","hentry"],"_links":{"self":[{"href":"https:\/\/press.live4jesus.com.br\/index.php?rest_route=\/wp\/v2\/pages\/2133","targetHints":{"allow":["GET"]}}],"collection":[{"href":"https:\/\/press.live4jesus.com.br\/index.php?rest_route=\/wp\/v2\/pages"}],"about":[{"href":"https:\/\/press.live4jesus.com.br\/index.php?rest_route=\/wp\/v2\/types\/page"}],"author":[{"embeddable":true,"href":"https:\/\/press.live4jesus.com.br\/index.php?rest_route=\/wp\/v2\/users\/1"}],"replies":[{"embeddable":true,"href":"https:\/\/press.live4jesus.com.br\/index.php?rest_route=%2Fwp%2Fv2%2Fcomments&post=2133"}],"version-history":[{"count":9,"href":"https:\/\/press.live4jesus.com.br\/index.php?rest_route=\/wp\/v2\/pages\/2133\/revisions"}],"predecessor-version":[{"id":2156,"href":"https:\/\/press.live4jesus.com.br\/index.php?rest_route=\/wp\/v2\/pages\/2133\/revisions\/2156"}],"wp:attachment":[{"href":"https:\/\/press.live4jesus.com.br\/index.php?rest_route=%2Fwp%2Fv2%2Fmedia&parent=2133"}],"curies":[{"name":"wp","href":"https:\/\/api.w.org\/{rel}","templated":true}]}}