{"id":179,"date":"2016-04-29T13:28:45","date_gmt":"2016-04-29T13:28:45","guid":{"rendered":"https:\/\/demo.mekshq.com\/vlog\/dc\/?page_id=179"},"modified":"2019-11-08T13:21:33","modified_gmt":"2019-11-08T15:21:33","slug":"contact","status":"publish","type":"page","link":"https:\/\/press.live4jesus.com.br\/?page_id=179","title":{"rendered":"Contate-nos"},"content":{"rendered":"\n<div class=\"wp-block-image\"><figure class=\"aligncenter is-resized\"><img loading=\"lazy\" decoding=\"async\" src=\"http:\/\/press.live4jesus.com.br\/wp-content\/uploads\/2019\/11\/image-1024x391.jpg\" alt=\"\" class=\"wp-image-2128\" width=\"620\" height=\"237\" srcset=\"https:\/\/press.live4jesus.com.br\/wp-content\/uploads\/2019\/11\/image-1024x391.jpg 1024w, https:\/\/press.live4jesus.com.br\/wp-content\/uploads\/2019\/11\/image-300x115.jpg 300w, https:\/\/press.live4jesus.com.br\/wp-content\/uploads\/2019\/11\/image-768x293.jpg 768w\" sizes=\"auto, (max-width: 620px) 100vw, 620px\" \/><\/figure><\/div>\n\n\n\n<p>Mantenha contato!<\/p>\n\n\n<div class=\"wpforms-container wpforms-container-full wpforms-block\" id=\"wpforms-2084\"><form id=\"wpforms-form-2084\" class=\"wpforms-validate wpforms-form\" data-formid=\"2084\" method=\"post\" enctype=\"multipart\/form-data\" action=\"\/index.php?rest_route=%2Fwp%2Fv2%2Fpages%2F179\" data-token=\"aaa120b174de333419ff9135584ddd99\" data-token-time=\"1775473907\"><noscript class=\"wpforms-error-noscript\">Ative o JavaScript no seu navegador para preencher este formul\u00e1rio.<\/noscript><div class=\"wpforms-field-container\"><div id=\"wpforms-2084-field_0-container\" class=\"wpforms-field wpforms-field-name\" data-field-id=\"0\"><label class=\"wpforms-field-label\" for=\"wpforms-2084-field_0\">Seu Nome <span class=\"wpforms-required-label\">*<\/span><\/label><input type=\"text\" id=\"wpforms-2084-field_0\" class=\"wpforms-field-large wpforms-field-required\" name=\"wpforms[fields][0]\" required><\/div><div id=\"wpforms-2084-field_1-container\" class=\"wpforms-field wpforms-field-email\" data-field-id=\"1\"><label class=\"wpforms-field-label\" for=\"wpforms-2084-field_1\">Seu Email <span class=\"wpforms-required-label\">*<\/span><\/label><input type=\"email\" id=\"wpforms-2084-field_1\" class=\"wpforms-field-large wpforms-field-required\" name=\"wpforms[fields][1]\" spellcheck=\"false\" required><\/div><div id=\"wpforms-2084-field_3-container\" class=\"wpforms-field wpforms-field-text\" data-field-id=\"3\"><label class=\"wpforms-field-label\" for=\"wpforms-2084-field_3\">Assunto <span class=\"wpforms-required-label\">*<\/span><\/label><input type=\"text\" id=\"wpforms-2084-field_3\" class=\"wpforms-field-large wpforms-field-required\" name=\"wpforms[fields][3]\" required><\/div><div id=\"wpforms-2084-field_2-container\" class=\"wpforms-field wpforms-field-textarea\" data-field-id=\"2\"><label class=\"wpforms-field-label\" for=\"wpforms-2084-field_2\">Sua Mensagem <span class=\"wpforms-required-label\">*<\/span><\/label><textarea id=\"wpforms-2084-field_2\" class=\"wpforms-field-medium wpforms-field-required\" name=\"wpforms[fields][2]\" required><\/textarea><\/div><\/div><!-- .wpforms-field-container --><div class=\"wpforms-field wpforms-field-hp\"><label for=\"wpforms-2084-field-hp\" class=\"wpforms-field-label\">Message<\/label><input type=\"text\" name=\"wpforms[hp]\" id=\"wpforms-2084-field-hp\" class=\"wpforms-field-medium\"><\/div><div class=\"wpforms-submit-container\" ><input type=\"hidden\" name=\"wpforms[id]\" value=\"2084\"><input type=\"hidden\" name=\"page_title\" value=\"\"><input type=\"hidden\" name=\"page_url\" value=\"https:\/\/press.live4jesus.com.br\/index.php?rest_route=\/wp\/v2\/pages\/179\"><input type=\"hidden\" name=\"url_referer\" value=\"\"><button type=\"submit\" name=\"wpforms[submit]\" id=\"wpforms-submit-2084\" class=\"wpforms-submit\" data-alt-text=\"Enviando...\" data-submit-text=\"Enviar\" aria-live=\"assertive\" value=\"wpforms-submit\">Enviar<\/button><\/div><\/form><\/div>  <!-- .wpforms-container -->\n\n\n<hr class=\"wp-block-separator\"\/>\n\n\n\n<p style=\"text-align:center\">O LIVE4JESUS \u00e9 um projeto do <strong>Minist\u00e9rio S\u00f3 Boas Novas &#8211; SBN<\/strong> &#8211; <a rel=\"noreferrer noopener\" href=\"http:\/\/soboasnovas.com.br\/\" target=\"_blank\">www.soboasnovas.com.br<\/a><br>        Rua Eug\u00eanio Pradez,101<br>        05763-340 &#8211; S\u00e3o Paulo &#8211; SP<br>        <abbr title=\"Phone\">WhatsUp:<\/abbr> +55 11 9 8609-0700 <\/p>\n\n\n\n<p style=\"text-align:center\"><strong>E-mail<\/strong><br>        <a href=\"mailto:#\">contato@live4jesus.com.br<\/a><br>             <\/p>\n","protected":false},"excerpt":{"rendered":"<p>Mantenha contato! O LIVE4JESUS \u00e9 um projeto do Minist\u00e9rio S\u00f3 Boas Novas &#8211; SBN &#8211; www.soboasnovas.com.br Rua Eug\u00eanio Pradez,101 05763-340 &#8211; S\u00e3o Paulo &#8211; SP WhatsUp: +55 11 9 8609-0700 E-mail contato@live4jesus.com.br<\/p>\n","protected":false},"author":1,"featured_media":0,"parent":0,"menu_order":0,"comment_status":"closed","ping_status":"closed","template":"","meta":{"footnotes":""},"class_list":["post-179","page","type-page","status-publish","hentry"],"_links":{"self":[{"href":"https:\/\/press.live4jesus.com.br\/index.php?rest_route=\/wp\/v2\/pages\/179","targetHints":{"allow":["GET"]}}],"collection":[{"href":"https:\/\/press.live4jesus.com.br\/index.php?rest_route=\/wp\/v2\/pages"}],"about":[{"href":"https:\/\/press.live4jesus.com.br\/index.php?rest_route=\/wp\/v2\/types\/page"}],"author":[{"embeddable":true,"href":"https:\/\/press.live4jesus.com.br\/index.php?rest_route=\/wp\/v2\/users\/1"}],"replies":[{"embeddable":true,"href":"https:\/\/press.live4jesus.com.br\/index.php?rest_route=%2Fwp%2Fv2%2Fcomments&post=179"}],"version-history":[{"count":4,"href":"https:\/\/press.live4jesus.com.br\/index.php?rest_route=\/wp\/v2\/pages\/179\/revisions"}],"predecessor-version":[{"id":2277,"href":"https:\/\/press.live4jesus.com.br\/index.php?rest_route=\/wp\/v2\/pages\/179\/revisions\/2277"}],"wp:attachment":[{"href":"https:\/\/press.live4jesus.com.br\/index.php?rest_route=%2Fwp%2Fv2%2Fmedia&parent=179"}],"curies":[{"name":"wp","href":"https:\/\/api.w.org\/{rel}","templated":true}]}}